{"id":489,"date":"2020-10-16T17:41:01","date_gmt":"2020-10-16T14:41:01","guid":{"rendered":"https:\/\/www.grafas.org\/demo01\/?page_id=489"},"modified":"2022-08-19T16:26:23","modified_gmt":"2022-08-19T16:26:23","slug":"sobre-el-producto","status":"publish","type":"page","link":"https:\/\/www.biotecsal.com\/biotecsal\/sobre-el-producto\/","title":{"rendered":"Sobre el Producto"},"content":{"rendered":"\t\t<div data-elementor-type=\"wp-page\" data-elementor-id=\"489\" class=\"elementor elementor-489\">\n\t\t\t\t\t\t<section class=\"elementor-section elementor-top-section elementor-element elementor-element-8828dd8 elementor-section-height-min-height elementor-section-items-bottom elementor-section-boxed elementor-section-height-default\" data-id=\"8828dd8\" data-element_type=\"section\" data-e-type=\"section\" data-settings=\"{&quot;background_background&quot;:&quot;classic&quot;}\">\n\t\t\t\t\t\t\t<div class=\"elementor-background-overlay\"><\/div>\n\t\t\t\t\t\t\t<div class=\"elementor-container elementor-column-gap-default\">\n\t\t\t\t\t<div class=\"elementor-column elementor-col-100 elementor-top-column elementor-element elementor-element-6d43801\" data-id=\"6d43801\" data-element_type=\"column\" data-e-type=\"column\">\n\t\t\t<div class=\"elementor-widget-wrap elementor-element-populated\">\n\t\t\t\t\t\t<div class=\"elementor-element elementor-element-9a9b4e4 elementor-hidden-phone elementor-widget elementor-widget-spacer\" data-id=\"9a9b4e4\" data-element_type=\"widget\" data-e-type=\"widget\" data-widget_type=\"spacer.default\">\n\t\t\t\t<div class=\"elementor-widget-container\">\n\t\t\t\t\t\t\t<div class=\"elementor-spacer\">\n\t\t\t<div class=\"elementor-spacer-inner\"><\/div>\n\t\t<\/div>\n\t\t\t\t\t\t<\/div>\n\t\t\t\t<\/div>\n\t\t\t\t\t<\/div>\n\t\t<\/div>\n\t\t\t\t\t<\/div>\n\t\t<\/section>\n\t\t\t\t<section class=\"elementor-section elementor-top-section elementor-element elementor-element-34b828a elementor-reverse-mobile elementor-section-boxed elementor-section-height-default elementor-section-height-default\" data-id=\"34b828a\" data-element_type=\"section\" data-e-type=\"section\">\n\t\t\t\t\t\t<div class=\"elementor-container elementor-column-gap-default\">\n\t\t\t\t\t<div class=\"elementor-column elementor-col-50 elementor-top-column elementor-element elementor-element-aef019a\" data-id=\"aef019a\" data-element_type=\"column\" data-e-type=\"column\">\n\t\t\t<div class=\"elementor-widget-wrap elementor-element-populated\">\n\t\t\t\t\t\t<div class=\"elementor-element elementor-element-10a8d9a elementor-widget elementor-widget-heading\" data-id=\"10a8d9a\" data-element_type=\"widget\" data-e-type=\"widget\" data-widget_type=\"heading.default\">\n\t\t\t\t<div class=\"elementor-widget-container\">\n\t\t\t\t\t<h2 class=\"elementor-heading-title elementor-size-default\">Sobre el producto<\/h2>\t\t\t\t<\/div>\n\t\t\t\t<\/div>\n\t\t\t\t\t<\/div>\n\t\t<\/div>\n\t\t\t\t<div class=\"elementor-column elementor-col-50 elementor-top-column elementor-element elementor-element-beed6a0\" data-id=\"beed6a0\" data-element_type=\"column\" data-e-type=\"column\" data-settings=\"{&quot;background_background&quot;:&quot;classic&quot;}\">\n\t\t\t<div class=\"elementor-widget-wrap\">\n\t\t\t\t\t\t\t<\/div>\n\t\t<\/div>\n\t\t\t\t\t<\/div>\n\t\t<\/section>\n\t\t\t\t<section class=\"elementor-section elementor-top-section elementor-element elementor-element-b625db2 elementor-section-boxed elementor-section-height-default elementor-section-height-default\" data-id=\"b625db2\" data-element_type=\"section\" data-e-type=\"section\">\n\t\t\t\t\t\t<div class=\"elementor-container elementor-column-gap-default\">\n\t\t\t\t\t<div class=\"elementor-column elementor-col-50 elementor-top-column elementor-element elementor-element-c4ba45f\" data-id=\"c4ba45f\" data-element_type=\"column\" data-e-type=\"column\">\n\t\t\t<div class=\"elementor-widget-wrap elementor-element-populated\">\n\t\t\t\t\t\t<div class=\"elementor-element elementor-element-aa6e41c elementor-widget-divider--view-line_text elementor-widget-divider--element-align-right elementor-widget elementor-widget-divider\" data-id=\"aa6e41c\" data-element_type=\"widget\" data-e-type=\"widget\" data-widget_type=\"divider.default\">\n\t\t\t\t<div class=\"elementor-widget-container\">\n\t\t\t\t\t\t\t<div class=\"elementor-divider\">\n\t\t\t<span class=\"elementor-divider-separator\">\n\t\t\t\t\t\t<\/span>\n\t\t<\/div>\n\t\t\t\t\t\t<\/div>\n\t\t\t\t<\/div>\n\t\t\t\t<div class=\"elementor-element elementor-element-5236828 elementor-widget elementor-widget-text-editor\" data-id=\"5236828\" data-element_type=\"widget\" data-e-type=\"widget\" data-widget_type=\"text-editor.default\">\n\t\t\t\t<div class=\"elementor-widget-container\">\n\t\t\t\t\t\t\t\t\t<div align=\"justify\"><p>Biotec es un Probiotico hecho a base del bacillus subtillis, el cual se obtiene a partir de un proceso de fermentaci\u00f3n compleja. Produce un sinf\u00edn de enzimas para una mejor absorci\u00f3n y aprovechamiento de nutrientes. Entre las enzimas que libera a nivel gastrointestinal, se encuentran: lipasa, amilasa, proteasa, celulasa, peptinasa entre otros.<\/p><p class=\"style1\">Biotec esta compuesto de ingredientes que no se obtienen en alimentos balanceados corrientes. Adem\u00e1s de ser 100% natural, mejora las conversiones alimenticias y ayuda al medio ambiente.Este fenomeno se explica por la degradacion de los acidos grasos de bajo peso molecular, y el amoniaco. La degradacion de estos componentes trae como consecuencia una disminucion drastica de malos olores, asi como la disminucion de humedad, disminucion de enfermedades respiratorias y disminucion de poblacion de moscas entre otros. Biotec disminuye los malos olores tanto de heces como de orines hasta en un 70%.<\/p><p class=\"style1\">Biotec es 100% natural, mejora el sistema inmunologico y es un excelente estimulante del apetito.<\/p><p class=\"style1\">Biotec viene en dos presentaciones: en forma s\u00f3lida y liquida.<\/p><p><span class=\"style6\"><strong>Biotec Solido (polvo fino)<\/strong> <\/span><br \/>Esta forma de presentacion solida es para la aplicaci\u00f3n en el sector ganadero, av\u00edcola y porcino, y se distribuye comercialmente en formas de 20 Kg. De BIOTEC, con polietileno en el interior y tres capas de papel kraft reforzado en el exterior.<br \/>El producto no es una bacteria cruda sino que es un mezcla de productos naturales, los cuales con los efectos de la fermentacion producen un medio adecuado para que se reproduzcan numerosas enzimas para una mejor absorcion de nutrientes.<\/p><p class=\"style1\">Se tiene una dosis standard que es del 0.3 al 0.5% sobre el total de alimento concentrado. Las dosis var\u00edan dependiendo de muchos factores como lo son gen\u00e9tica, calidad de concentrado, \u00e9poca, periodos de vacunaci\u00f3n o stress, resultados espec\u00edficos a obtener entre otros.<\/p><p class=\"style1\">En resultados espec\u00edficos, se sugieren dosis de hasta un 2%.<\/p><p class=\"style1\"><span class=\"style6\"><strong>Biotec L\u00edquido<\/strong> <\/span><br \/>Biotec liquido es un probiotico elaborado por fermentaci\u00f3n compleja, a base del bacillus subtillis, para la su aplicaci\u00f3n en alimento concentrado de peces y camarones. En si este producto tiene muchas bondades, ya que mejora la asimilacion de los nutrientes que ud. le brinda a sus peces y camarones, aumentando las ganas de comer.<\/p><p class=\"style1\">Biotec liquido mejora el sabor del alimento concentrado, ya que tiene un componente a base de la descomposici\u00f3n proteica, en forma de p\u00e9ptido. Esto hace que la digesti\u00f3n sea mas optima, junto a una excelente absorci\u00f3n.<\/p><p class=\"style1\">El porcentaje que debe aplicar al alimento que ud. ocupa es de 0.5% al 1% total del alimento. El porcentaje varia dependiendo de la calidad del alimento que le proporcione, de la situacion, clima y todas las variantes que se le pueden presentar en su estanque.<\/p><p class=\"style1\">Por ejemplo si ud. le da 200 kg. De alimento, aplique de 1 a 2 Kg. De Biotec liquido, es decir 1 a 2 litros de Biotec liquido.<\/p><p class=\"style1\">Presentacion de litro, galon, garrafa de 5 galones, barril de 55 galones<\/p><\/div>\t\t\t\t\t\t\t\t<\/div>\n\t\t\t\t<\/div>\n\t\t\t\t<div class=\"elementor-element elementor-element-2cc2a7a elementor-widget-divider--view-line elementor-widget elementor-widget-divider\" data-id=\"2cc2a7a\" data-element_type=\"widget\" data-e-type=\"widget\" data-widget_type=\"divider.default\">\n\t\t\t\t<div class=\"elementor-widget-container\">\n\t\t\t\t\t\t\t<div class=\"elementor-divider\">\n\t\t\t<span class=\"elementor-divider-separator\">\n\t\t\t\t\t\t<\/span>\n\t\t<\/div>\n\t\t\t\t\t\t<\/div>\n\t\t\t\t<\/div>\n\t\t\t\t\t<\/div>\n\t\t<\/div>\n\t\t\t\t<div class=\"elementor-column elementor-col-50 elementor-top-column elementor-element elementor-element-21596a8\" data-id=\"21596a8\" data-element_type=\"column\" data-e-type=\"column\" data-settings=\"{&quot;background_background&quot;:&quot;classic&quot;}\">\n\t\t\t<div class=\"elementor-widget-wrap elementor-element-populated\">\n\t\t\t\t\t\t\t<\/div>\n\t\t<\/div>\n\t\t\t\t\t<\/div>\n\t\t<\/section>\n\t\t\t\t<section class=\"elementor-section elementor-top-section elementor-element elementor-element-fca617c elementor-section-full_width elementor-section-height-default elementor-section-height-default\" data-id=\"fca617c\" data-element_type=\"section\" data-e-type=\"section\">\n\t\t\t\t\t\t<div class=\"elementor-container elementor-column-gap-default\">\n\t\t\t\t\t<div class=\"elementor-column elementor-col-100 elementor-top-column elementor-element elementor-element-81b2352\" data-id=\"81b2352\" data-element_type=\"column\" data-e-type=\"column\">\n\t\t\t<div class=\"elementor-widget-wrap elementor-element-populated\">\n\t\t\t\t\t\t<div class=\"elementor-element elementor-element-09616d6 elementor-widget-divider--view-line elementor-widget elementor-widget-divider\" data-id=\"09616d6\" data-element_type=\"widget\" data-e-type=\"widget\" data-widget_type=\"divider.default\">\n\t\t\t\t<div class=\"elementor-widget-container\">\n\t\t\t\t\t\t\t<div class=\"elementor-divider\">\n\t\t\t<span class=\"elementor-divider-separator\">\n\t\t\t\t\t\t<\/span>\n\t\t<\/div>\n\t\t\t\t\t\t<\/div>\n\t\t\t\t<\/div>\n\t\t\t\t<div class=\"elementor-element elementor-element-89fbc79 elementor-widget-divider--view-line elementor-widget elementor-widget-divider\" data-id=\"89fbc79\" data-element_type=\"widget\" data-e-type=\"widget\" data-widget_type=\"divider.default\">\n\t\t\t\t<div class=\"elementor-widget-container\">\n\t\t\t\t\t\t\t<div class=\"elementor-divider\">\n\t\t\t<span class=\"elementor-divider-separator\">\n\t\t\t\t\t\t<\/span>\n\t\t<\/div>\n\t\t\t\t\t\t<\/div>\n\t\t\t\t<\/div>\n\t\t\t\t<div class=\"elementor-element elementor-element-8bb1e15 elementor-widget elementor-widget-image-carousel\" data-id=\"8bb1e15\" data-element_type=\"widget\" data-e-type=\"widget\" data-settings=\"{&quot;slides_to_show&quot;:&quot;2&quot;,&quot;navigation&quot;:&quot;none&quot;,&quot;autoplay&quot;:&quot;yes&quot;,&quot;pause_on_hover&quot;:&quot;yes&quot;,&quot;pause_on_interaction&quot;:&quot;yes&quot;,&quot;autoplay_speed&quot;:5000,&quot;infinite&quot;:&quot;yes&quot;,&quot;speed&quot;:500}\" data-widget_type=\"image-carousel.default\">\n\t\t\t\t<div class=\"elementor-widget-container\">\n\t\t\t\t\t\t\t<div class=\"elementor-image-carousel-wrapper swiper\" role=\"region\" aria-roledescription=\"carousel\" aria-label=\"Carrusel de im\u00e1genes\" dir=\"ltr\">\n\t\t\t<div class=\"elementor-image-carousel swiper-wrapper swiper-image-stretch\" aria-live=\"off\">\n\t\t\t\t\t\t\t\t<div class=\"swiper-slide\" role=\"group\" aria-roledescription=\"slide\" aria-label=\"1 de 2\"><figure class=\"swiper-slide-inner\"><img decoding=\"async\" class=\"swiper-slide-image\" src=\"https:\/\/www.biotecsal.com\/biotecsal\/wp-content\/uploads\/2022\/08\/274988407_111395771476318_5885248296643156540_n.jpg\" alt=\"274988407_111395771476318_5885248296643156540_n\" \/><\/figure><\/div><div class=\"swiper-slide\" role=\"group\" aria-roledescription=\"slide\" aria-label=\"2 de 2\"><figure class=\"swiper-slide-inner\"><img decoding=\"async\" class=\"swiper-slide-image\" src=\"https:\/\/www.biotecsal.com\/biotecsal\/wp-content\/uploads\/2022\/08\/274941794_111398278142734_2506685224623237231_n.jpg\" alt=\"274941794_111398278142734_2506685224623237231_n\" \/><\/figure><\/div>\t\t\t<\/div>\n\t\t\t\t\t\t\t\n\t\t\t\t\t\t\t\t\t<\/div>\n\t\t\t\t\t\t<\/div>\n\t\t\t\t<\/div>\n\t\t\t\t\t<\/div>\n\t\t<\/div>\n\t\t\t\t\t<\/div>\n\t\t<\/section>\n\t\t\t\t<\/div>\n\t\t","protected":false},"excerpt":{"rendered":"<p>Sobre el producto Biotec es un Probiotico hecho a base del bacillus subtillis, el cual se obtiene a partir de un proceso de fermentaci\u00f3n compleja. Produce un sinf\u00edn de enzimas para una mejor absorci\u00f3n y aprovechamiento de nutrientes. Entre las enzimas que libera a nivel gastrointestinal, se encuentran: lipasa, amilasa, proteasa, celulasa, peptinasa entre otros&#8230;.<\/p>\n","protected":false},"author":1,"featured_media":0,"parent":0,"menu_order":0,"comment_status":"closed","ping_status":"closed","template":"elementor_header_footer","meta":{"_kadence_starter_templates_imported_post":true,"_kad_post_transparent":"","_kad_post_title":"hide","_kad_post_layout":"normal","_kad_post_sidebar_id":"","_kad_post_content_style":"unboxed","_kad_post_vertical_padding":"hide","_kad_post_feature":"hide","_kad_post_feature_position":"","_kad_post_header":false,"_kad_post_footer":false,"_kad_post_classname":"","footnotes":""},"class_list":["post-489","page","type-page","status-publish","hentry"],"_links":{"self":[{"href":"https:\/\/www.biotecsal.com\/biotecsal\/wp-json\/wp\/v2\/pages\/489","targetHints":{"allow":["GET"]}}],"collection":[{"href":"https:\/\/www.biotecsal.com\/biotecsal\/wp-json\/wp\/v2\/pages"}],"about":[{"href":"https:\/\/www.biotecsal.com\/biotecsal\/wp-json\/wp\/v2\/types\/page"}],"author":[{"embeddable":true,"href":"https:\/\/www.biotecsal.com\/biotecsal\/wp-json\/wp\/v2\/users\/1"}],"replies":[{"embeddable":true,"href":"https:\/\/www.biotecsal.com\/biotecsal\/wp-json\/wp\/v2\/comments?post=489"}],"version-history":[{"count":41,"href":"https:\/\/www.biotecsal.com\/biotecsal\/wp-json\/wp\/v2\/pages\/489\/revisions"}],"predecessor-version":[{"id":1502,"href":"https:\/\/www.biotecsal.com\/biotecsal\/wp-json\/wp\/v2\/pages\/489\/revisions\/1502"}],"wp:attachment":[{"href":"https:\/\/www.biotecsal.com\/biotecsal\/wp-json\/wp\/v2\/media?parent=489"}],"curies":[{"name":"wp","href":"https:\/\/api.w.org\/{rel}","templated":true}]}}