{"id":1051,"date":"2020-10-20T17:38:53","date_gmt":"2020-10-20T14:38:53","guid":{"rendered":"https:\/\/www.grafas.org\/demo01\/?page_id=1051"},"modified":"2022-08-19T16:37:54","modified_gmt":"2022-08-19T16:37:54","slug":"uso-y-aplicaciones","status":"publish","type":"page","link":"https:\/\/www.biotecsal.com\/biotecsal\/uso-y-aplicaciones\/","title":{"rendered":"Uso y Aplicaciones"},"content":{"rendered":"\t\t<div data-elementor-type=\"wp-page\" data-elementor-id=\"1051\" class=\"elementor elementor-1051\">\n\t\t\t\t\t\t<section class=\"elementor-section elementor-top-section elementor-element elementor-element-8828dd8 elementor-section-height-min-height elementor-section-items-bottom elementor-section-boxed elementor-section-height-default\" data-id=\"8828dd8\" data-element_type=\"section\" data-e-type=\"section\" data-settings=\"{&quot;background_background&quot;:&quot;classic&quot;}\">\n\t\t\t\t\t\t\t<div class=\"elementor-background-overlay\"><\/div>\n\t\t\t\t\t\t\t<div class=\"elementor-container elementor-column-gap-default\">\n\t\t\t\t\t<div class=\"elementor-column elementor-col-100 elementor-top-column elementor-element elementor-element-6d43801\" data-id=\"6d43801\" data-element_type=\"column\" data-e-type=\"column\">\n\t\t\t<div class=\"elementor-widget-wrap elementor-element-populated\">\n\t\t\t\t\t\t<div class=\"elementor-element elementor-element-9a9b4e4 elementor-hidden-phone elementor-widget elementor-widget-spacer\" data-id=\"9a9b4e4\" data-element_type=\"widget\" data-e-type=\"widget\" data-widget_type=\"spacer.default\">\n\t\t\t\t<div class=\"elementor-widget-container\">\n\t\t\t\t\t\t\t<div class=\"elementor-spacer\">\n\t\t\t<div class=\"elementor-spacer-inner\"><\/div>\n\t\t<\/div>\n\t\t\t\t\t\t<\/div>\n\t\t\t\t<\/div>\n\t\t\t\t\t<\/div>\n\t\t<\/div>\n\t\t\t\t\t<\/div>\n\t\t<\/section>\n\t\t\t\t<section class=\"elementor-section elementor-top-section elementor-element elementor-element-7c0bb24 elementor-section-boxed elementor-section-height-default elementor-section-height-default\" data-id=\"7c0bb24\" data-element_type=\"section\" data-e-type=\"section\">\n\t\t\t\t\t\t<div class=\"elementor-container elementor-column-gap-default\">\n\t\t\t\t\t<div class=\"elementor-column elementor-col-100 elementor-top-column elementor-element elementor-element-e8856d9\" data-id=\"e8856d9\" data-element_type=\"column\" data-e-type=\"column\">\n\t\t\t<div class=\"elementor-widget-wrap elementor-element-populated\">\n\t\t\t\t\t\t<div class=\"elementor-element elementor-element-54aca30 elementor-widget-divider--view-line_text elementor-widget-divider--element-align-left elementor-widget elementor-widget-divider\" data-id=\"54aca30\" data-element_type=\"widget\" data-e-type=\"widget\" data-widget_type=\"divider.default\">\n\t\t\t\t<div class=\"elementor-widget-container\">\n\t\t\t\t\t\t\t<div class=\"elementor-divider\">\n\t\t\t<span class=\"elementor-divider-separator\">\n\t\t\t\t\t\t\t<span class=\"elementor-divider__text elementor-divider__element\">\n\t\t\t\tUsos y Aplicaciones\t\t\t\t<\/span>\n\t\t\t\t\t\t<\/span>\n\t\t<\/div>\n\t\t\t\t\t\t<\/div>\n\t\t\t\t<\/div>\n\t\t\t\t\t<\/div>\n\t\t<\/div>\n\t\t\t\t\t<\/div>\n\t\t<\/section>\n\t\t\t\t<section class=\"elementor-section elementor-top-section elementor-element elementor-element-ba55473 elementor-section-boxed elementor-section-height-default elementor-section-height-default\" data-id=\"ba55473\" data-element_type=\"section\" data-e-type=\"section\">\n\t\t\t\t\t\t<div class=\"elementor-container elementor-column-gap-wider\">\n\t\t\t\t\t<div class=\"elementor-column elementor-col-25 elementor-top-column elementor-element elementor-element-0a0f7ed\" data-id=\"0a0f7ed\" data-element_type=\"column\" data-e-type=\"column\" data-settings=\"{&quot;background_background&quot;:&quot;classic&quot;}\">\n\t\t\t<div class=\"elementor-widget-wrap elementor-element-populated\">\n\t\t\t\t\t\t<div class=\"elementor-element elementor-element-b1bc027 elementor-position-top elementor-widget elementor-widget-image-box\" data-id=\"b1bc027\" data-element_type=\"widget\" data-e-type=\"widget\" data-widget_type=\"image-box.default\">\n\t\t\t\t<div class=\"elementor-widget-container\">\n\t\t\t\t\t<div class=\"elementor-image-box-wrapper\"><figure class=\"elementor-image-box-img\"><a href=\"#\" tabindex=\"-1\"><img fetchpriority=\"high\" decoding=\"async\" width=\"694\" height=\"466\" src=\"https:\/\/www.biotecsal.com\/biotecsal\/wp-content\/uploads\/2022\/08\/Captura-de-Pantalla-2022-08-18-a-las-11.25.30-p.-m..png\" class=\"attachment-full size-full wp-image-1399\" alt=\"\" srcset=\"https:\/\/www.biotecsal.com\/biotecsal\/wp-content\/uploads\/2022\/08\/Captura-de-Pantalla-2022-08-18-a-las-11.25.30-p.-m..png 694w, https:\/\/www.biotecsal.com\/biotecsal\/wp-content\/uploads\/2022\/08\/Captura-de-Pantalla-2022-08-18-a-las-11.25.30-p.-m.-300x201.png 300w, https:\/\/www.biotecsal.com\/biotecsal\/wp-content\/uploads\/2022\/08\/Captura-de-Pantalla-2022-08-18-a-las-11.25.30-p.-m.-600x403.png 600w\" sizes=\"(max-width: 694px) 100vw, 694px\" \/><\/a><\/figure><div class=\"elementor-image-box-content\"><h4 class=\"elementor-image-box-title\"><a href=\"#\">Sector Ganadero<\/a><\/h4><p class=\"elementor-image-box-description\"><div align=\"justify\"> Biotec es un probiotico que se da en una dosis de 0.5% sobre el total de alimento concentrado. Act\u00faa a nivel de rumen para optimizar la absorci\u00f3n de nutrientes, y un mejor aprovechamiento de la prote\u00edna y grasa de la raci\u00f3n alimenticia. Se da tanto en ganado lechero, como ganado de carne. En cuanto a ganado lechero, la dosis recomendada es del 0.5% sobre el total de alimento concentrado. <\/div><\/p><\/div><\/div>\t\t\t\t<\/div>\n\t\t\t\t<\/div>\n\t\t\t\t\t<\/div>\n\t\t<\/div>\n\t\t\t\t<div class=\"elementor-column elementor-col-25 elementor-top-column elementor-element elementor-element-dd99adf\" data-id=\"dd99adf\" data-element_type=\"column\" data-e-type=\"column\" data-settings=\"{&quot;background_background&quot;:&quot;classic&quot;}\">\n\t\t\t<div class=\"elementor-widget-wrap elementor-element-populated\">\n\t\t\t\t\t\t<div class=\"elementor-element elementor-element-4792a90 elementor-position-top elementor-widget elementor-widget-image-box\" data-id=\"4792a90\" data-element_type=\"widget\" data-e-type=\"widget\" data-widget_type=\"image-box.default\">\n\t\t\t\t<div class=\"elementor-widget-container\">\n\t\t\t\t\t<div class=\"elementor-image-box-wrapper\"><figure class=\"elementor-image-box-img\"><a href=\"#\" tabindex=\"-1\"><img decoding=\"async\" width=\"1045\" height=\"697\" src=\"https:\/\/www.biotecsal.com\/biotecsal\/wp-content\/uploads\/2022\/08\/Captura-de-Pantalla-2022-08-18-a-las-11.39.35-p.-m..png\" class=\"attachment-full size-full wp-image-1403\" alt=\"\" srcset=\"https:\/\/www.biotecsal.com\/biotecsal\/wp-content\/uploads\/2022\/08\/Captura-de-Pantalla-2022-08-18-a-las-11.39.35-p.-m..png 1045w, https:\/\/www.biotecsal.com\/biotecsal\/wp-content\/uploads\/2022\/08\/Captura-de-Pantalla-2022-08-18-a-las-11.39.35-p.-m.-300x200.png 300w, https:\/\/www.biotecsal.com\/biotecsal\/wp-content\/uploads\/2022\/08\/Captura-de-Pantalla-2022-08-18-a-las-11.39.35-p.-m.-1024x683.png 1024w, https:\/\/www.biotecsal.com\/biotecsal\/wp-content\/uploads\/2022\/08\/Captura-de-Pantalla-2022-08-18-a-las-11.39.35-p.-m.-768x512.png 768w, https:\/\/www.biotecsal.com\/biotecsal\/wp-content\/uploads\/2022\/08\/Captura-de-Pantalla-2022-08-18-a-las-11.39.35-p.-m.-600x400.png 600w\" sizes=\"(max-width: 1045px) 100vw, 1045px\" \/><\/a><\/figure><div class=\"elementor-image-box-content\"><h4 class=\"elementor-image-box-title\"><a href=\"#\">Sector Av\u00edcola<\/a><\/h4><p class=\"elementor-image-box-description\"><div align=\"justify\"> Biotec es un probiotico que se utiliza tanto en engorde como en postura. La dosis a aplicar es del 0.3% al 0.5% sobre el total de alimento concentrado actuando a nivel de intestino delgado, dando como resultado una mejor absorci\u00f3n de nutrientes.  <\/div><\/p><\/div><\/div>\t\t\t\t<\/div>\n\t\t\t\t<\/div>\n\t\t\t\t\t<\/div>\n\t\t<\/div>\n\t\t\t\t<div class=\"elementor-column elementor-col-25 elementor-top-column elementor-element elementor-element-c541e77\" data-id=\"c541e77\" data-element_type=\"column\" data-e-type=\"column\" data-settings=\"{&quot;background_background&quot;:&quot;classic&quot;}\">\n\t\t\t<div class=\"elementor-widget-wrap elementor-element-populated\">\n\t\t\t\t\t\t<div class=\"elementor-element elementor-element-582cfca elementor-position-top elementor-widget elementor-widget-image-box\" data-id=\"582cfca\" data-element_type=\"widget\" data-e-type=\"widget\" data-widget_type=\"image-box.default\">\n\t\t\t\t<div class=\"elementor-widget-container\">\n\t\t\t\t\t<div class=\"elementor-image-box-wrapper\"><figure class=\"elementor-image-box-img\"><a href=\"#\" tabindex=\"-1\"><img decoding=\"async\" width=\"702\" height=\"456\" src=\"https:\/\/www.biotecsal.com\/biotecsal\/wp-content\/uploads\/2022\/08\/Captura-de-Pantalla-2022-08-18-a-las-11.24.44-p.-m..png\" class=\"attachment-full size-full wp-image-1407\" alt=\"\" srcset=\"https:\/\/www.biotecsal.com\/biotecsal\/wp-content\/uploads\/2022\/08\/Captura-de-Pantalla-2022-08-18-a-las-11.24.44-p.-m..png 702w, https:\/\/www.biotecsal.com\/biotecsal\/wp-content\/uploads\/2022\/08\/Captura-de-Pantalla-2022-08-18-a-las-11.24.44-p.-m.-300x195.png 300w, https:\/\/www.biotecsal.com\/biotecsal\/wp-content\/uploads\/2022\/08\/Captura-de-Pantalla-2022-08-18-a-las-11.24.44-p.-m.-600x390.png 600w\" sizes=\"(max-width: 702px) 100vw, 702px\" \/><\/a><\/figure><div class=\"elementor-image-box-content\"><h4 class=\"elementor-image-box-title\"><a href=\"#\">Sector Porcino<\/a><\/h4><p class=\"elementor-image-box-description\"><div align=\"justify\"> Biotec se utiliza en todas las etapas productivas del cerdo. La dosis a aplicar es del 0.3 al 0.5% del alimento concentrado. Verracos: dosis a aplicar 0.5%. Par\u00e1metros a evaluar: Mayor cantidad de esperma. Mayor movilidad del espermatozoide. Menos estresado. Mejor resistencia al stress cal\u00f3rico. Inseminaci\u00f3n m\u00e1s optima. <\/div><\/p><\/div><\/div>\t\t\t\t<\/div>\n\t\t\t\t<\/div>\n\t\t\t\t\t<\/div>\n\t\t<\/div>\n\t\t\t\t<div class=\"elementor-column elementor-col-25 elementor-top-column elementor-element elementor-element-f5c16a2\" data-id=\"f5c16a2\" data-element_type=\"column\" data-e-type=\"column\" data-settings=\"{&quot;background_background&quot;:&quot;classic&quot;}\">\n\t\t\t<div class=\"elementor-widget-wrap elementor-element-populated\">\n\t\t\t\t\t\t<div class=\"elementor-element elementor-element-28eb84e elementor-position-top elementor-widget elementor-widget-image-box\" data-id=\"28eb84e\" data-element_type=\"widget\" data-e-type=\"widget\" data-widget_type=\"image-box.default\">\n\t\t\t\t<div class=\"elementor-widget-container\">\n\t\t\t\t\t<div class=\"elementor-image-box-wrapper\"><figure class=\"elementor-image-box-img\"><a href=\"#\" tabindex=\"-1\"><img loading=\"lazy\" decoding=\"async\" width=\"714\" height=\"478\" src=\"https:\/\/www.biotecsal.com\/biotecsal\/wp-content\/uploads\/2022\/08\/Captura-de-Pantalla-2022-08-18-a-las-11.28.58-p.-m..png\" class=\"attachment-full size-full wp-image-1408\" alt=\"\" srcset=\"https:\/\/www.biotecsal.com\/biotecsal\/wp-content\/uploads\/2022\/08\/Captura-de-Pantalla-2022-08-18-a-las-11.28.58-p.-m..png 714w, https:\/\/www.biotecsal.com\/biotecsal\/wp-content\/uploads\/2022\/08\/Captura-de-Pantalla-2022-08-18-a-las-11.28.58-p.-m.-300x201.png 300w, https:\/\/www.biotecsal.com\/biotecsal\/wp-content\/uploads\/2022\/08\/Captura-de-Pantalla-2022-08-18-a-las-11.28.58-p.-m.-600x402.png 600w\" sizes=\"(max-width: 714px) 100vw, 714px\" \/><\/a><\/figure><div class=\"elementor-image-box-content\"><h4 class=\"elementor-image-box-title\"><a href=\"#\">Sector Pisc\u00edcola<\/a><\/h4><p class=\"elementor-image-box-description\"><div align=\"justify\"> Biotec liquido es un probiotico elaborado por fermentaci\u00f3n compleja, a base del bacillus subtillis, para su aplicaci\u00f3n en alimento concentrado de peces y camarones. Biotec liquido mejora el sabor del alimento concentrado, ya que tiene un componente a base de la descomposici\u00f3n proteica, en forma de p\u00e9ptido. Esto hace que la digesti\u00f3n sea mas optima, junto a una excelente absorci\u00f3n. <\/div><\/p><\/div><\/div>\t\t\t\t<\/div>\n\t\t\t\t<\/div>\n\t\t\t\t\t<\/div>\n\t\t<\/div>\n\t\t\t\t\t<\/div>\n\t\t<\/section>\n\t\t\t\t<section class=\"elementor-section elementor-top-section elementor-element elementor-element-793f03a elementor-section-boxed elementor-section-height-default elementor-section-height-default\" data-id=\"793f03a\" data-element_type=\"section\" data-e-type=\"section\">\n\t\t\t\t\t\t<div class=\"elementor-container elementor-column-gap-default\">\n\t\t\t\t\t<div class=\"elementor-column elementor-col-25 elementor-top-column elementor-element elementor-element-7dd8aa1\" data-id=\"7dd8aa1\" data-element_type=\"column\" data-e-type=\"column\">\n\t\t\t<div class=\"elementor-widget-wrap elementor-element-populated\">\n\t\t\t\t\t\t<div class=\"elementor-element elementor-element-7e0cda3 elementor-widget elementor-widget-image\" data-id=\"7e0cda3\" data-element_type=\"widget\" data-e-type=\"widget\" data-widget_type=\"image.default\">\n\t\t\t\t<div class=\"elementor-widget-container\">\n\t\t\t\t\t\t\t\t\t\t\t\t\t\t\t<img loading=\"lazy\" decoding=\"async\" width=\"526\" height=\"783\" src=\"https:\/\/www.biotecsal.com\/biotecsal\/wp-content\/uploads\/2022\/08\/274988407_111395771476318_5885248296643156540_n.jpeg\" class=\"attachment-large size-large wp-image-1293\" alt=\"\" srcset=\"https:\/\/www.biotecsal.com\/biotecsal\/wp-content\/uploads\/2022\/08\/274988407_111395771476318_5885248296643156540_n.jpeg 526w, https:\/\/www.biotecsal.com\/biotecsal\/wp-content\/uploads\/2022\/08\/274988407_111395771476318_5885248296643156540_n-202x300.jpeg 202w\" sizes=\"(max-width: 526px) 100vw, 526px\" \/>\t\t\t\t\t\t\t\t\t\t\t\t\t\t\t<\/div>\n\t\t\t\t<\/div>\n\t\t\t\t\t<\/div>\n\t\t<\/div>\n\t\t\t\t<div class=\"elementor-column elementor-col-25 elementor-top-column elementor-element elementor-element-c51dadc\" data-id=\"c51dadc\" data-element_type=\"column\" data-e-type=\"column\">\n\t\t\t<div class=\"elementor-widget-wrap elementor-element-populated\">\n\t\t\t\t\t\t<div class=\"elementor-element elementor-element-4741938 elementor-widget elementor-widget-image\" data-id=\"4741938\" data-element_type=\"widget\" data-e-type=\"widget\" data-widget_type=\"image.default\">\n\t\t\t\t<div class=\"elementor-widget-container\">\n\t\t\t\t\t\t\t\t\t\t\t\t\t\t\t<img loading=\"lazy\" decoding=\"async\" width=\"526\" height=\"786\" src=\"https:\/\/www.biotecsal.com\/biotecsal\/wp-content\/uploads\/2022\/08\/274941794_111398278142734_2506685224623237231_n.jpeg\" class=\"attachment-large size-large wp-image-1289\" alt=\"\" srcset=\"https:\/\/www.biotecsal.com\/biotecsal\/wp-content\/uploads\/2022\/08\/274941794_111398278142734_2506685224623237231_n.jpeg 526w, https:\/\/www.biotecsal.com\/biotecsal\/wp-content\/uploads\/2022\/08\/274941794_111398278142734_2506685224623237231_n-201x300.jpeg 201w\" sizes=\"(max-width: 526px) 100vw, 526px\" \/>\t\t\t\t\t\t\t\t\t\t\t\t\t\t\t<\/div>\n\t\t\t\t<\/div>\n\t\t\t\t\t<\/div>\n\t\t<\/div>\n\t\t\t\t<div class=\"elementor-column elementor-col-50 elementor-top-column elementor-element elementor-element-dfdd41d\" data-id=\"dfdd41d\" data-element_type=\"column\" data-e-type=\"column\">\n\t\t\t<div class=\"elementor-widget-wrap elementor-element-populated\">\n\t\t\t\t\t\t<div class=\"elementor-element elementor-element-c1b6ec4 elementor-widget elementor-widget-image\" data-id=\"c1b6ec4\" data-element_type=\"widget\" data-e-type=\"widget\" data-widget_type=\"image.default\">\n\t\t\t\t<div class=\"elementor-widget-container\">\n\t\t\t\t\t\t\t\t\t\t\t\t\t\t\t<img loading=\"lazy\" decoding=\"async\" width=\"550\" height=\"705\" src=\"https:\/\/www.biotecsal.com\/biotecsal\/wp-content\/uploads\/2022\/08\/austin-distel-h1RW-NFtUyc-unsplash.jpg\" class=\"attachment-full size-full wp-image-1262\" alt=\"\" srcset=\"https:\/\/www.biotecsal.com\/biotecsal\/wp-content\/uploads\/2022\/08\/austin-distel-h1RW-NFtUyc-unsplash.jpg 550w, https:\/\/www.biotecsal.com\/biotecsal\/wp-content\/uploads\/2022\/08\/austin-distel-h1RW-NFtUyc-unsplash-234x300.jpg 234w\" sizes=\"(max-width: 550px) 100vw, 550px\" \/>\t\t\t\t\t\t\t\t\t\t\t\t\t\t\t<\/div>\n\t\t\t\t<\/div>\n\t\t\t\t\t<\/div>\n\t\t<\/div>\n\t\t\t\t\t<\/div>\n\t\t<\/section>\n\t\t\t\t<\/div>\n\t\t","protected":false},"excerpt":{"rendered":"<p>Usos y Aplicaciones Sector Ganadero Biotec es un probiotico que se da en una dosis de 0.5% sobre el total de alimento concentrado. Act\u00faa a nivel de rumen para optimizar la absorci\u00f3n de nutrientes, y un mejor aprovechamiento de la prote\u00edna y grasa de la raci\u00f3n alimenticia. Se da tanto en ganado lechero, como ganado&#8230;<\/p>\n","protected":false},"author":1,"featured_media":0,"parent":0,"menu_order":0,"comment_status":"closed","ping_status":"closed","template":"elementor_header_footer","meta":{"_kadence_starter_templates_imported_post":true,"_kad_post_transparent":"","_kad_post_title":"hide","_kad_post_layout":"normal","_kad_post_sidebar_id":"","_kad_post_content_style":"unboxed","_kad_post_vertical_padding":"hide","_kad_post_feature":"hide","_kad_post_feature_position":"","_kad_post_header":false,"_kad_post_footer":false,"_kad_post_classname":"","footnotes":""},"class_list":["post-1051","page","type-page","status-publish","hentry"],"_links":{"self":[{"href":"https:\/\/www.biotecsal.com\/biotecsal\/wp-json\/wp\/v2\/pages\/1051","targetHints":{"allow":["GET"]}}],"collection":[{"href":"https:\/\/www.biotecsal.com\/biotecsal\/wp-json\/wp\/v2\/pages"}],"about":[{"href":"https:\/\/www.biotecsal.com\/biotecsal\/wp-json\/wp\/v2\/types\/page"}],"author":[{"embeddable":true,"href":"https:\/\/www.biotecsal.com\/biotecsal\/wp-json\/wp\/v2\/users\/1"}],"replies":[{"embeddable":true,"href":"https:\/\/www.biotecsal.com\/biotecsal\/wp-json\/wp\/v2\/comments?post=1051"}],"version-history":[{"count":29,"href":"https:\/\/www.biotecsal.com\/biotecsal\/wp-json\/wp\/v2\/pages\/1051\/revisions"}],"predecessor-version":[{"id":1526,"href":"https:\/\/www.biotecsal.com\/biotecsal\/wp-json\/wp\/v2\/pages\/1051\/revisions\/1526"}],"wp:attachment":[{"href":"https:\/\/www.biotecsal.com\/biotecsal\/wp-json\/wp\/v2\/media?parent=1051"}],"curies":[{"name":"wp","href":"https:\/\/api.w.org\/{rel}","templated":true}]}}